{"id":34,"date":"2012-05-22T20:45:12","date_gmt":"2012-05-22T20:45:12","guid":{"rendered":"http:\/\/aliquando.id-3.net\/?page_id=34"},"modified":"2018-08-22T12:46:29","modified_gmt":"2018-08-22T16:46:29","slug":"me-contacter","status":"publish","type":"page","link":"https:\/\/berubedenise.com\/en\/me-contacter\/","title":{"rendered":"Contact me"},"content":{"rendered":"<p>&nbsp;<\/p>\n<p><\/p>","protected":false},"excerpt":{"rendered":"<p>&nbsp;<\/p>\n","protected":false},"author":1,"featured_media":0,"parent":0,"menu_order":50,"comment_status":"open","ping_status":"closed","template":"t_contact.php","meta":{"_acf_changed":false,"footnotes":""},"class_list":["post-34","page","type-page","status-publish","hentry"],"acf":[],"yoast_head":"<!-- This site is optimized with the Yoast SEO plugin v26.7 - https:\/\/yoast.com\/wordpress\/plugins\/seo\/ -->\n<title>Courtier immobilier Kamouraska, Basques | Denise B\u00e9rub\u00e9<\/title>\n<meta name=\"description\" content=\"Pour joindre Denise B\u00e9rub\u00e9 au bureau, voici ses coordonn\u00e9es : 101 Boul. Saint-Germain Ouest Rimouski G5L 4B6 T\u00e9l\u00e9phone : 418-868-9251.\" \/>\n<meta name=\"robots\" content=\"index, follow, max-snippet:-1, max-image-preview:large, max-video-preview:-1\" \/>\n<link rel=\"canonical\" href=\"https:\/\/berubedenise.com\/me-contacter\/\" \/>\n<meta property=\"og:locale\" content=\"en_US\" \/>\n<meta property=\"og:type\" content=\"article\" \/>\n<meta property=\"og:title\" content=\"Courtier immobilier Kamouraska, Basques | Denise B\u00e9rub\u00e9\" \/>\n<meta property=\"og:description\" content=\"Pour joindre Denise B\u00e9rub\u00e9 au bureau, voici ses coordonn\u00e9es : 101 Boul. Saint-Germain Ouest Rimouski G5L 4B6 T\u00e9l\u00e9phone : 418-868-9251.\" \/>\n<meta property=\"og:url\" content=\"https:\/\/berubedenise.com\/me-contacter\/\" \/>\n<meta property=\"og:site_name\" content=\"Via Capitale\" \/>\n<meta property=\"article:publisher\" content=\"https:\/\/www.facebook.com\/DeniseBerubeCourtier\/?fb_dtsg_ag=AdyWrOrP0Axyy4OiAZQBIp-F0Vei7-zA4Y3XCYlDATenRQ%3aAdzlLZR_SDDhafxngqLHV2ujR_XY1jOemgoNvxZFApYtSg\" \/>\n<meta property=\"article:modified_time\" content=\"2018-08-22T16:46:29+00:00\" \/>\n<meta property=\"og:image\" content=\"https:\/\/berubedenise.com\/files\/2024\/05\/header_kamelo4.jpg\" \/>\n<meta name=\"twitter:card\" content=\"summary_large_image\" \/>\n<meta name=\"twitter:image\" content=\"https:\/\/berubedenise.com\/files\/2024\/05\/header_kamelo4.jpg\" \/>\n<script type=\"application\/ld+json\" class=\"yoast-schema-graph\">{\"@context\":\"https:\/\/schema.org\",\"@graph\":[{\"@type\":\"WebPage\",\"@id\":\"https:\/\/berubedenise.com\/me-contacter\/\",\"url\":\"https:\/\/berubedenise.com\/me-contacter\/\",\"name\":\"Courtier immobilier Kamouraska, Basques | Denise B\u00e9rub\u00e9\",\"isPartOf\":{\"@id\":\"https:\/\/berubedenise.com\/#website\"},\"datePublished\":\"2012-05-22T20:45:12+00:00\",\"dateModified\":\"2018-08-22T16:46:29+00:00\",\"description\":\"Pour joindre Denise B\u00e9rub\u00e9 au bureau, voici ses coordonn\u00e9es : 101 Boul. Saint-Germain Ouest Rimouski G5L 4B6 T\u00e9l\u00e9phone : 418-868-9251.\",\"breadcrumb\":{\"@id\":\"https:\/\/berubedenise.com\/me-contacter\/#breadcrumb\"},\"inLanguage\":\"en-US\",\"potentialAction\":[{\"@type\":\"ReadAction\",\"target\":[\"https:\/\/berubedenise.com\/me-contacter\/\"]}]},{\"@type\":\"BreadcrumbList\",\"@id\":\"https:\/\/berubedenise.com\/me-contacter\/#breadcrumb\",\"itemListElement\":[{\"@type\":\"ListItem\",\"position\":1,\"name\":\"Accueil\",\"item\":\"https:\/\/berubedenise.com\/en\/\"},{\"@type\":\"ListItem\",\"position\":2,\"name\":\"Me contacter\"}]},{\"@type\":\"WebSite\",\"@id\":\"https:\/\/berubedenise.com\/#website\",\"url\":\"https:\/\/berubedenise.com\/\",\"name\":\"Via Capitale\",\"description\":\"Un site du r\u00e9seau Aliquando\",\"potentialAction\":[{\"@type\":\"SearchAction\",\"target\":{\"@type\":\"EntryPoint\",\"urlTemplate\":\"https:\/\/berubedenise.com\/?s={search_term_string}\"},\"query-input\":{\"@type\":\"PropertyValueSpecification\",\"valueRequired\":true,\"valueName\":\"search_term_string\"}}],\"inLanguage\":\"en-US\"}]}<\/script>\n<!-- \/ Yoast SEO plugin. -->","yoast_head_json":{"title":"Courtier immobilier Kamouraska, Basques | Denise B\u00e9rub\u00e9","description":"Pour joindre Denise B\u00e9rub\u00e9 au bureau, voici ses coordonn\u00e9es : 101 Boul. Saint-Germain Ouest Rimouski G5L 4B6 T\u00e9l\u00e9phone : 418-868-9251.","robots":{"index":"index","follow":"follow","max-snippet":"max-snippet:-1","max-image-preview":"max-image-preview:large","max-video-preview":"max-video-preview:-1"},"canonical":"https:\/\/berubedenise.com\/me-contacter\/","og_locale":"en_US","og_type":"article","og_title":"Courtier immobilier Kamouraska, Basques | Denise B\u00e9rub\u00e9","og_description":"Pour joindre Denise B\u00e9rub\u00e9 au bureau, voici ses coordonn\u00e9es : 101 Boul. Saint-Germain Ouest Rimouski G5L 4B6 T\u00e9l\u00e9phone : 418-868-9251.","og_url":"https:\/\/berubedenise.com\/me-contacter\/","og_site_name":"Via Capitale","article_publisher":"https:\/\/www.facebook.com\/DeniseBerubeCourtier\/?fb_dtsg_ag=AdyWrOrP0Axyy4OiAZQBIp-F0Vei7-zA4Y3XCYlDATenRQ%3aAdzlLZR_SDDhafxngqLHV2ujR_XY1jOemgoNvxZFApYtSg","article_modified_time":"2018-08-22T16:46:29+00:00","og_image":[{"url":"https:\/\/berubedenise.com\/files\/2024\/05\/header_kamelo4.jpg","type":"","width":"","height":""}],"twitter_card":"summary_large_image","twitter_image":"https:\/\/berubedenise.com\/files\/2024\/05\/header_kamelo4.jpg","schema":{"@context":"https:\/\/schema.org","@graph":[{"@type":"WebPage","@id":"https:\/\/berubedenise.com\/me-contacter\/","url":"https:\/\/berubedenise.com\/me-contacter\/","name":"Courtier immobilier Kamouraska, Basques | Denise B\u00e9rub\u00e9","isPartOf":{"@id":"https:\/\/berubedenise.com\/#website"},"datePublished":"2012-05-22T20:45:12+00:00","dateModified":"2018-08-22T16:46:29+00:00","description":"Pour joindre Denise B\u00e9rub\u00e9 au bureau, voici ses coordonn\u00e9es : 101 Boul. Saint-Germain Ouest Rimouski G5L 4B6 T\u00e9l\u00e9phone : 418-868-9251.","breadcrumb":{"@id":"https:\/\/berubedenise.com\/me-contacter\/#breadcrumb"},"inLanguage":"en-US","potentialAction":[{"@type":"ReadAction","target":["https:\/\/berubedenise.com\/me-contacter\/"]}]},{"@type":"BreadcrumbList","@id":"https:\/\/berubedenise.com\/me-contacter\/#breadcrumb","itemListElement":[{"@type":"ListItem","position":1,"name":"Accueil","item":"https:\/\/berubedenise.com\/en\/"},{"@type":"ListItem","position":2,"name":"Me contacter"}]},{"@type":"WebSite","@id":"https:\/\/berubedenise.com\/#website","url":"https:\/\/berubedenise.com\/","name":"Via Capitale","description":"Un site du r\u00e9seau Aliquando","potentialAction":[{"@type":"SearchAction","target":{"@type":"EntryPoint","urlTemplate":"https:\/\/berubedenise.com\/?s={search_term_string}"},"query-input":{"@type":"PropertyValueSpecification","valueRequired":true,"valueName":"search_term_string"}}],"inLanguage":"en-US"}]}},"_links":{"self":[{"href":"https:\/\/berubedenise.com\/en\/wp-json\/wp\/v2\/pages\/34","targetHints":{"allow":["GET"]}}],"collection":[{"href":"https:\/\/berubedenise.com\/en\/wp-json\/wp\/v2\/pages"}],"about":[{"href":"https:\/\/berubedenise.com\/en\/wp-json\/wp\/v2\/types\/page"}],"author":[{"embeddable":true,"href":"https:\/\/berubedenise.com\/en\/wp-json\/wp\/v2\/users\/1"}],"replies":[{"embeddable":true,"href":"https:\/\/berubedenise.com\/en\/wp-json\/wp\/v2\/comments?post=34"}],"version-history":[{"count":3,"href":"https:\/\/berubedenise.com\/en\/wp-json\/wp\/v2\/pages\/34\/revisions"}],"predecessor-version":[{"id":1524,"href":"https:\/\/berubedenise.com\/en\/wp-json\/wp\/v2\/pages\/34\/revisions\/1524"}],"wp:attachment":[{"href":"https:\/\/berubedenise.com\/en\/wp-json\/wp\/v2\/media?parent=34"}],"curies":[{"name":"wp","href":"https:\/\/api.w.org\/{rel}","templated":true}]}}